{"id":3658,"date":"2026-04-22T16:21:44","date_gmt":"2026-04-22T14:21:44","guid":{"rendered":"https:\/\/www.hotelpointedugrouin.com\/?page_id=3658"},"modified":"2026-05-06T14:46:14","modified_gmt":"2026-05-06T12:46:14","slug":"parcs-huitres","status":"publish","type":"page","link":"https:\/\/www.hotelpointedugrouin.com\/en\/destination-cancale\/parcs-huitres\/","title":{"rendered":"Parcs \u00e0 hu\u00eetres"},"content":{"rendered":"<div data-elementor-type=\"wp-page\" data-elementor-id=\"3658\" class=\"elementor elementor-3658\" data-elementor-post-type=\"page\">\n\t\t\t\t<div class=\"elementor-element elementor-element-7d40454 e-con-full e-flex e-con e-parent\" data-id=\"7d40454\" data-element_type=\"container\" data-e-type=\"container\" id=\"hero-section\" data-settings=\"{&quot;background_background&quot;:&quot;classic&quot;}\">\n\t\t\t\t<div class=\"elementor-element elementor-element-6235229 elementor-widget elementor-widget-heading\" data-id=\"6235229\" data-element_type=\"widget\" data-e-type=\"widget\" data-widget_type=\"heading.default\">\n\t\t\t\t<div class=\"elementor-widget-container\">\n\t\t\t\t\t<h1 class=\"elementor-heading-title elementor-size-default\">Les hu\u00eetres de Cancale<\/h1>\t\t\t\t<\/div>\n\t\t\t\t<\/div>\n\t\t\t\t<div class=\"elementor-element elementor-element-28da46e elementor-widget__width-auto elementor-absolute e-transform elementor-view-default elementor-widget elementor-widget-icon\" data-id=\"28da46e\" data-element_type=\"widget\" data-e-type=\"widget\" data-settings=\"{&quot;_position&quot;:&quot;absolute&quot;,&quot;_transform_rotateZ_effect&quot;:{&quot;unit&quot;:&quot;px&quot;,&quot;size&quot;:90,&quot;sizes&quot;:[]},&quot;_transform_rotateZ_effect_tablet&quot;:{&quot;unit&quot;:&quot;deg&quot;,&quot;size&quot;:&quot;&quot;,&quot;sizes&quot;:[]},&quot;_transform_rotateZ_effect_mobile&quot;:{&quot;unit&quot;:&quot;deg&quot;,&quot;size&quot;:&quot;&quot;,&quot;sizes&quot;:[]}}\" data-widget_type=\"icon.default\">\n\t\t\t\t<div class=\"elementor-widget-container\">\n\t\t\t\t\t\t\t<div class=\"elementor-icon-wrapper\">\n\t\t\t<a class=\"elementor-icon\" href=\"#first-content\">\n\t\t\t<i aria-hidden=\"true\" class=\"eliofont eliofont-arrow-right\"><\/i>\t\t\t<\/a>\n\t\t<\/div>\n\t\t\t\t\t\t<\/div>\n\t\t\t\t<\/div>\n\t\t\t\t<\/div>\n\t\t<div class=\"elementor-element elementor-element-18b5a01 e-flex e-con-boxed e-con e-parent\" data-id=\"18b5a01\" data-element_type=\"container\" data-e-type=\"container\" data-settings=\"{&quot;background_background&quot;:&quot;classic&quot;}\">\n\t\t\t\t\t<div class=\"e-con-inner\">\n\t\t\t\t<div class=\"elementor-element elementor-element-fa37bf3 elementor-widget__width-initial split-img elementor-widget elementor-widget-image\" data-id=\"fa37bf3\" data-element_type=\"widget\" data-e-type=\"widget\" data-widget_type=\"image.default\">\n\t\t\t\t<div class=\"elementor-widget-container\">\n\t\t\t\t\t\t\t\t\t\t\t\t\t\t\t<img fetchpriority=\"high\" decoding=\"async\" width=\"300\" height=\"200\" src=\"https:\/\/www.hotelpointedugrouin.com\/wp-content\/uploads\/2022\/10\/transparent.png\" class=\"attachment-full size-full wp-image-338\" alt=\"\" srcset=\"https:\/\/www.hotelpointedugrouin.com\/wp-content\/uploads\/2022\/10\/transparent.png 300w, https:\/\/www.hotelpointedugrouin.com\/wp-content\/uploads\/2022\/10\/transparent-18x12.png 18w\" sizes=\"(max-width: 300px) 100vw, 300px\" title=\"\">\t\t\t\t\t\t\t\t\t\t\t\t\t\t\t<\/div>\n\t\t\t\t<\/div>\n\t\t<div class=\"elementor-element elementor-element-030d71c animated-slow e-con-full e-flex elementor-invisible e-con e-child\" data-id=\"030d71c\" data-element_type=\"container\" data-e-type=\"container\" data-settings=\"{&quot;animation&quot;:&quot;fadeInRight&quot;,&quot;animation_delay&quot;:500}\">\n\t\t\t\t<div class=\"elementor-element elementor-element-806004f elementor-widget elementor-widget-heading\" data-id=\"806004f\" data-element_type=\"widget\" data-e-type=\"widget\" data-widget_type=\"heading.default\">\n\t\t\t\t<div class=\"elementor-widget-container\">\n\t\t\t\t\t<h2 class=\"elementor-heading-title elementor-size-default\">Un savoir-faire embl\u00e9matique de la baie<\/h2>\t\t\t\t<\/div>\n\t\t\t\t<\/div>\n\t\t\t\t<div class=\"elementor-element elementor-element-fca4b4f elementor-widget elementor-widget-text-editor\" data-id=\"fca4b4f\" data-element_type=\"widget\" data-e-type=\"widget\" data-widget_type=\"text-editor.default\">\n\t\t\t\t<div class=\"elementor-widget-container\">\n\t\t\t\t\t\t\t\t\t<p>Les hu\u00eetres de Cancale participent pleinement \u00e0 la renomm\u00e9e de la destination et \u00e0 son identit\u00e9 gastronomique. Les parcs ostr\u00e9icoles, visibles \u00e0 mar\u00e9e basse, racontent un m\u00e9tier, un paysage et une culture profond\u00e9ment li\u00e9s \u00e0 la mer. D\u00e9couvrir cet univers, c\u2019est mieux comprendre le travail des ostr\u00e9iculteurs, le rythme des mar\u00e9es et l\u2019importance de cette tradition pour le territoire.<\/p>\t\t\t\t\t\t\t\t<\/div>\n\t\t\t\t<\/div>\n\t\t\t\t<\/div>\n\t\t\t\t\t<\/div>\n\t\t\t\t<\/div>\n\t\t<div class=\"elementor-element elementor-element-63397a5 e-flex e-con-boxed e-con e-parent\" data-id=\"63397a5\" data-element_type=\"container\" data-e-type=\"container\" data-settings=\"{&quot;background_background&quot;:&quot;classic&quot;}\">\n\t\t\t\t\t<div class=\"e-con-inner\">\n\t\t<div class=\"elementor-element elementor-element-af04466 animated-slow e-con-full e-flex elementor-invisible e-con e-child\" data-id=\"af04466\" data-element_type=\"container\" data-e-type=\"container\" data-settings=\"{&quot;animation&quot;:&quot;fadeInLeft&quot;,&quot;animation_delay&quot;:500}\">\n\t\t\t\t<div class=\"elementor-element elementor-element-9f2654a elementor-widget elementor-widget-heading\" data-id=\"9f2654a\" data-element_type=\"widget\" data-e-type=\"widget\" data-widget_type=\"heading.default\">\n\t\t\t\t<div class=\"elementor-widget-container\">\n\t\t\t\t\t<h2 class=\"elementor-heading-title elementor-size-default\">Une visite entre paysage et d\u00e9gustation<\/h2>\t\t\t\t<\/div>\n\t\t\t\t<\/div>\n\t\t\t\t<div class=\"elementor-element elementor-element-0298ca6 elementor-widget elementor-widget-text-editor\" data-id=\"0298ca6\" data-element_type=\"widget\" data-e-type=\"widget\" data-widget_type=\"text-editor.default\">\n\t\t\t\t<div class=\"elementor-widget-container\">\n\t\t\t\t\t\t\t\t\t<p>Certaines visites guid\u00e9es permettent d\u2019approcher les parcs \u00e0 hu\u00eetres \u00e0 pied et d\u2019en d\u00e9couvrir les gestes, l\u2019histoire et les sp\u00e9cificit\u00e9s. Avec la baie du Mont-Saint-Michel en toile de fond, l\u2019exp\u00e9rience associe d\u00e9couverte p\u00e9dagogique, immersion dans le paysage et plaisir gustatif. Pour beaucoup de visiteurs, c\u2019est l\u2019une des exp\u00e9riences les plus marquantes \u00e0 vivre \u00e0 Cancale, tant elle refl\u00e8te l\u2019\u00e2me du lieu.<\/p>\t\t\t\t\t\t\t\t<\/div>\n\t\t\t\t<\/div>\n\t\t\t\t<\/div>\n\t\t<div class=\"elementor-element elementor-element-bcc2404 e-con-full e-flex e-con e-child\" data-id=\"bcc2404\" data-element_type=\"container\" data-e-type=\"container\" data-settings=\"{&quot;background_background&quot;:&quot;classic&quot;}\">\n\t\t\t\t<div class=\"elementor-element elementor-element-f2b5c49 elementor-widget__width-initial elementor-widget elementor-widget-image\" data-id=\"f2b5c49\" data-element_type=\"widget\" data-e-type=\"widget\" data-widget_type=\"image.default\">\n\t\t\t\t<div class=\"elementor-widget-container\">\n\t\t\t\t\t\t\t\t\t\t\t\t\t\t\t<img decoding=\"async\" width=\"1421\" height=\"2110\" src=\"https:\/\/www.hotelpointedugrouin.com\/wp-content\/uploads\/2026\/05\/parc-a-huitres-3.jpg\" class=\"attachment-full size-full wp-image-4197\" alt=\"\" srcset=\"https:\/\/www.hotelpointedugrouin.com\/wp-content\/uploads\/2026\/05\/parc-a-huitres-3.jpg 1421w, https:\/\/www.hotelpointedugrouin.com\/wp-content\/uploads\/2026\/05\/parc-a-huitres-3-202x300.jpg 202w, https:\/\/www.hotelpointedugrouin.com\/wp-content\/uploads\/2026\/05\/parc-a-huitres-3-690x1024.jpg 690w, https:\/\/www.hotelpointedugrouin.com\/wp-content\/uploads\/2026\/05\/parc-a-huitres-3-768x1140.jpg 768w, https:\/\/www.hotelpointedugrouin.com\/wp-content\/uploads\/2026\/05\/parc-a-huitres-3-1034x1536.jpg 1034w, https:\/\/www.hotelpointedugrouin.com\/wp-content\/uploads\/2026\/05\/parc-a-huitres-3-1379x2048.jpg 1379w, https:\/\/www.hotelpointedugrouin.com\/wp-content\/uploads\/2026\/05\/parc-a-huitres-3-8x12.jpg 8w\" sizes=\"(max-width: 1421px) 100vw, 1421px\" title=\"\">\t\t\t\t\t\t\t\t\t\t\t\t\t\t\t<\/div>\n\t\t\t\t<\/div>\n\t\t<div class=\"elementor-element elementor-element-938a2db elementor-hidden-mobile e-con-full e-flex e-con e-child\" data-id=\"938a2db\" data-element_type=\"container\" data-e-type=\"container\">\n\t\t\t\t<div class=\"elementor-element elementor-element-beaee5b elementor-widget elementor-widget-image\" data-id=\"beaee5b\" data-element_type=\"widget\" data-e-type=\"widget\" data-widget_type=\"image.default\">\n\t\t\t\t<div class=\"elementor-widget-container\">\n\t\t\t\t\t\t\t\t\t\t\t\t\t\t\t<img decoding=\"async\" width=\"1999\" height=\"1499\" src=\"https:\/\/www.hotelpointedugrouin.com\/wp-content\/uploads\/2026\/05\/parc-a-huitres-4.jpg\" class=\"attachment-full size-full wp-image-4194\" alt=\"\" srcset=\"https:\/\/www.hotelpointedugrouin.com\/wp-content\/uploads\/2026\/05\/parc-a-huitres-4.jpg 1999w, https:\/\/www.hotelpointedugrouin.com\/wp-content\/uploads\/2026\/05\/parc-a-huitres-4-300x225.jpg 300w, https:\/\/www.hotelpointedugrouin.com\/wp-content\/uploads\/2026\/05\/parc-a-huitres-4-1024x768.jpg 1024w, https:\/\/www.hotelpointedugrouin.com\/wp-content\/uploads\/2026\/05\/parc-a-huitres-4-768x576.jpg 768w, https:\/\/www.hotelpointedugrouin.com\/wp-content\/uploads\/2026\/05\/parc-a-huitres-4-1536x1152.jpg 1536w, https:\/\/www.hotelpointedugrouin.com\/wp-content\/uploads\/2026\/05\/parc-a-huitres-4-16x12.jpg 16w\" sizes=\"(max-width: 1999px) 100vw, 1999px\" title=\"\">\t\t\t\t\t\t\t\t\t\t\t\t\t\t\t<\/div>\n\t\t\t\t<\/div>\n\t\t\t\t<div class=\"elementor-element elementor-element-293cde0 elementor-widget elementor-widget-image\" data-id=\"293cde0\" data-element_type=\"widget\" data-e-type=\"widget\" data-widget_type=\"image.default\">\n\t\t\t\t<div class=\"elementor-widget-container\">\n\t\t\t\t\t\t\t\t\t\t\t\t\t\t\t<img loading=\"lazy\" decoding=\"async\" width=\"2560\" height=\"1439\" src=\"https:\/\/www.hotelpointedugrouin.com\/wp-content\/uploads\/2026\/05\/parc-a-huitres-2-scaled.jpg\" class=\"attachment-full size-full wp-image-4195\" alt=\"\" srcset=\"https:\/\/www.hotelpointedugrouin.com\/wp-content\/uploads\/2026\/05\/parc-a-huitres-2-scaled.jpg 2560w, https:\/\/www.hotelpointedugrouin.com\/wp-content\/uploads\/2026\/05\/parc-a-huitres-2-300x169.jpg 300w, https:\/\/www.hotelpointedugrouin.com\/wp-content\/uploads\/2026\/05\/parc-a-huitres-2-1024x576.jpg 1024w, https:\/\/www.hotelpointedugrouin.com\/wp-content\/uploads\/2026\/05\/parc-a-huitres-2-768x432.jpg 768w, https:\/\/www.hotelpointedugrouin.com\/wp-content\/uploads\/2026\/05\/parc-a-huitres-2-1536x864.jpg 1536w, https:\/\/www.hotelpointedugrouin.com\/wp-content\/uploads\/2026\/05\/parc-a-huitres-2-2048x1152.jpg 2048w, https:\/\/www.hotelpointedugrouin.com\/wp-content\/uploads\/2026\/05\/parc-a-huitres-2-18x10.jpg 18w\" sizes=\"(max-width: 2560px) 100vw, 2560px\" title=\"\">\t\t\t\t\t\t\t\t\t\t\t\t\t\t\t<\/div>\n\t\t\t\t<\/div>\n\t\t\t\t<\/div>\n\t\t\t\t<\/div>\n\t\t\t\t\t<\/div>\n\t\t\t\t<\/div>\n\t\t<div class=\"elementor-element elementor-element-f2f51e9 e-flex e-con-boxed e-con e-parent\" data-id=\"f2f51e9\" data-element_type=\"container\" data-e-type=\"container\">\n\t\t\t\t\t<div class=\"e-con-inner\">\n\t\t\t\t<div class=\"elementor-element elementor-element-7f80abd elementor-widget__width-auto destination-btn-nav elementor-widget elementor-widget-button\" data-id=\"7f80abd\" data-element_type=\"widget\" data-e-type=\"widget\" data-widget_type=\"button.default\">\n\t\t\t\t<div class=\"elementor-widget-container\">\n\t\t\t\t\t\t\t\t\t<div class=\"elementor-button-wrapper\">\n\t\t\t\t\t<a class=\"elementor-button elementor-button-link elementor-size-xs\" href=\"https:\/\/www.hotelpointedugrouin.com\/en\/destination-cancale\/marche-de-cancale\/\">\n\t\t\t\t\t\t<span class=\"elementor-button-content-wrapper\">\n\t\t\t\t\t\t<span class=\"elementor-button-icon\">\n\t\t\t\t<i aria-hidden=\"true\" class=\"eliofont eliofont-arrow-left\"><\/i>\t\t\t<\/span>\n\t\t\t\t\t\t\t\t\t<span class=\"elementor-button-text\">March\u00e9 de cancale<\/span>\n\t\t\t\t\t<\/span>\n\t\t\t\t\t<\/a>\n\t\t\t\t<\/div>\n\t\t\t\t\t\t\t\t<\/div>\n\t\t\t\t<\/div>\n\t\t\t\t<div class=\"elementor-element elementor-element-95d2f56 elementor-widget__width-auto destination-btn-nav elementor-widget elementor-widget-button\" data-id=\"95d2f56\" data-element_type=\"widget\" data-e-type=\"widget\" data-widget_type=\"button.default\">\n\t\t\t\t<div class=\"elementor-widget-container\">\n\t\t\t\t\t\t\t\t\t<div class=\"elementor-button-wrapper\">\n\t\t\t\t\t<a class=\"elementor-button elementor-button-link elementor-size-xs\" href=\"https:\/\/www.hotelpointedugrouin.com\/en\/destination-cancale\/accrobranche-minigolf\/\">\n\t\t\t\t\t\t<span class=\"elementor-button-content-wrapper\">\n\t\t\t\t\t\t<span class=\"elementor-button-icon\">\n\t\t\t\t<i aria-hidden=\"true\" class=\"eliofont eliofont-arrow-right\"><\/i>\t\t\t<\/span>\n\t\t\t\t\t\t\t\t\t<span class=\"elementor-button-text\">Accro branche &amp; mini golf<\/span>\n\t\t\t\t\t<\/span>\n\t\t\t\t\t<\/a>\n\t\t\t\t<\/div>\n\t\t\t\t\t\t\t\t<\/div>\n\t\t\t\t<\/div>\n\t\t\t\t\t<\/div>\n\t\t\t\t<\/div>\n\t\t\t\t<\/div>","protected":false},"excerpt":{"rendered":"<p>Les hu\u00eetres de Cancale Un savoir-faire embl\u00e9matique de la baie Les hu\u00eetres de Cancale participent pleinement \u00e0 la renomm\u00e9e de la destination et \u00e0 son identit\u00e9 gastronomique. Les parcs ostr\u00e9icoles, visibles \u00e0 mar\u00e9e basse, racontent un m\u00e9tier, un paysage et une culture profond\u00e9ment li\u00e9s \u00e0 la mer. D\u00e9couvrir cet univers, c\u2019est mieux comprendre le travail [&hellip;]<\/p>\n","protected":false},"author":2,"featured_media":0,"parent":203,"menu_order":0,"comment_status":"closed","ping_status":"closed","template":"","meta":{"_acf_changed":false,"inline_featured_image":false,"footnotes":""},"class_list":["post-3658","page","type-page","status-publish","hentry"],"acf":[],"_links":{"self":[{"href":"https:\/\/www.hotelpointedugrouin.com\/en\/wp-json\/wp\/v2\/pages\/3658","targetHints":{"allow":["GET"]}}],"collection":[{"href":"https:\/\/www.hotelpointedugrouin.com\/en\/wp-json\/wp\/v2\/pages"}],"about":[{"href":"https:\/\/www.hotelpointedugrouin.com\/en\/wp-json\/wp\/v2\/types\/page"}],"author":[{"embeddable":true,"href":"https:\/\/www.hotelpointedugrouin.com\/en\/wp-json\/wp\/v2\/users\/2"}],"replies":[{"embeddable":true,"href":"https:\/\/www.hotelpointedugrouin.com\/en\/wp-json\/wp\/v2\/comments?post=3658"}],"version-history":[{"count":13,"href":"https:\/\/www.hotelpointedugrouin.com\/en\/wp-json\/wp\/v2\/pages\/3658\/revisions"}],"predecessor-version":[{"id":4283,"href":"https:\/\/www.hotelpointedugrouin.com\/en\/wp-json\/wp\/v2\/pages\/3658\/revisions\/4283"}],"up":[{"embeddable":true,"href":"https:\/\/www.hotelpointedugrouin.com\/en\/wp-json\/wp\/v2\/pages\/203"}],"wp:attachment":[{"href":"https:\/\/www.hotelpointedugrouin.com\/en\/wp-json\/wp\/v2\/media?parent=3658"}],"curies":[{"name":"wp","href":"https:\/\/api.w.org\/{rel}","templated":true}]}}