{"id":3652,"date":"2026-04-22T16:19:38","date_gmt":"2026-04-22T14:19:38","guid":{"rendered":"https:\/\/www.hotelpointedugrouin.com\/?page_id=3652"},"modified":"2026-05-06T14:43:36","modified_gmt":"2026-05-06T12:43:36","slug":"musee-de-la-marine-visite-bisquine","status":"publish","type":"page","link":"https:\/\/www.hotelpointedugrouin.com\/en\/destination-cancale\/musee-de-la-marine-visite-bisquine\/","title":{"rendered":"Mus\u00e9e de la Marine et Visite de la Bisquine"},"content":{"rendered":"<div data-elementor-type=\"wp-page\" data-elementor-id=\"3652\" class=\"elementor elementor-3652\" data-elementor-post-type=\"page\">\n\t\t\t\t<div class=\"elementor-element elementor-element-7d40454 e-con-full e-flex e-con e-parent\" data-id=\"7d40454\" data-element_type=\"container\" data-e-type=\"container\" id=\"hero-section\" data-settings=\"{&quot;background_background&quot;:&quot;classic&quot;}\">\n\t\t\t\t<div class=\"elementor-element elementor-element-6235229 elementor-widget elementor-widget-heading\" data-id=\"6235229\" data-element_type=\"widget\" data-e-type=\"widget\" data-widget_type=\"heading.default\">\n\t\t\t\t<div class=\"elementor-widget-container\">\n\t\t\t\t\t<h1 class=\"elementor-heading-title elementor-size-default\">Votre mus\u00e9e \u00e0 Cancale<\/h1>\t\t\t\t<\/div>\n\t\t\t\t<\/div>\n\t\t\t\t<div class=\"elementor-element elementor-element-28da46e elementor-widget__width-auto elementor-absolute e-transform elementor-view-default elementor-widget elementor-widget-icon\" data-id=\"28da46e\" data-element_type=\"widget\" data-e-type=\"widget\" data-settings=\"{&quot;_position&quot;:&quot;absolute&quot;,&quot;_transform_rotateZ_effect&quot;:{&quot;unit&quot;:&quot;px&quot;,&quot;size&quot;:90,&quot;sizes&quot;:[]},&quot;_transform_rotateZ_effect_tablet&quot;:{&quot;unit&quot;:&quot;deg&quot;,&quot;size&quot;:&quot;&quot;,&quot;sizes&quot;:[]},&quot;_transform_rotateZ_effect_mobile&quot;:{&quot;unit&quot;:&quot;deg&quot;,&quot;size&quot;:&quot;&quot;,&quot;sizes&quot;:[]}}\" data-widget_type=\"icon.default\">\n\t\t\t\t<div class=\"elementor-widget-container\">\n\t\t\t\t\t\t\t<div class=\"elementor-icon-wrapper\">\n\t\t\t<a class=\"elementor-icon\" href=\"#first-content\">\n\t\t\t<i aria-hidden=\"true\" class=\"eliofont eliofont-arrow-right\"><\/i>\t\t\t<\/a>\n\t\t<\/div>\n\t\t\t\t\t\t<\/div>\n\t\t\t\t<\/div>\n\t\t\t\t<\/div>\n\t\t<div class=\"elementor-element elementor-element-18b5a01 e-flex e-con-boxed e-con e-parent\" data-id=\"18b5a01\" data-element_type=\"container\" data-e-type=\"container\" data-settings=\"{&quot;background_background&quot;:&quot;classic&quot;}\">\n\t\t\t\t\t<div class=\"e-con-inner\">\n\t\t\t\t<div class=\"elementor-element elementor-element-fa37bf3 elementor-widget__width-initial split-img elementor-widget elementor-widget-image\" data-id=\"fa37bf3\" data-element_type=\"widget\" data-e-type=\"widget\" data-widget_type=\"image.default\">\n\t\t\t\t<div class=\"elementor-widget-container\">\n\t\t\t\t\t\t\t\t\t\t\t\t\t\t\t<img fetchpriority=\"high\" decoding=\"async\" width=\"300\" height=\"200\" src=\"https:\/\/www.hotelpointedugrouin.com\/wp-content\/uploads\/2022\/10\/transparent.png\" class=\"attachment-full size-full wp-image-338\" alt=\"\" srcset=\"https:\/\/www.hotelpointedugrouin.com\/wp-content\/uploads\/2022\/10\/transparent.png 300w, https:\/\/www.hotelpointedugrouin.com\/wp-content\/uploads\/2022\/10\/transparent-18x12.png 18w\" sizes=\"(max-width: 300px) 100vw, 300px\" title=\"\">\t\t\t\t\t\t\t\t\t\t\t\t\t\t\t<\/div>\n\t\t\t\t<\/div>\n\t\t<div class=\"elementor-element elementor-element-030d71c animated-slow e-con-full e-flex elementor-invisible e-con e-child\" data-id=\"030d71c\" data-element_type=\"container\" data-e-type=\"container\" data-settings=\"{&quot;animation&quot;:&quot;fadeInRight&quot;,&quot;animation_delay&quot;:500}\">\n\t\t\t\t<div class=\"elementor-element elementor-element-806004f elementor-widget elementor-widget-heading\" data-id=\"806004f\" data-element_type=\"widget\" data-e-type=\"widget\" data-widget_type=\"heading.default\">\n\t\t\t\t<div class=\"elementor-widget-container\">\n\t\t\t\t\t<h2 class=\"elementor-heading-title elementor-size-default\">Plonger dans l\u2019histoire maritime de Cancale<\/h2>\t\t\t\t<\/div>\n\t\t\t\t<\/div>\n\t\t\t\t<div class=\"elementor-element elementor-element-fca4b4f elementor-widget elementor-widget-text-editor\" data-id=\"fca4b4f\" data-element_type=\"widget\" data-e-type=\"widget\" data-widget_type=\"text-editor.default\">\n\t\t\t\t<div class=\"elementor-widget-container\">\n\t\t\t\t\t\t\t\t\t<p>Le mus\u00e9e de Cancale met en lumi\u00e8re l\u2019identit\u00e9 maritime de la ville \u00e0 travers ses collections, ses r\u00e9cits et la m\u00e9moire de ses habitants. Port, p\u00eache, traditions locales et patrimoine de la baie y trouvent naturellement leur place. Cette visite permet de mieux comprendre le lien profond qui unit Cancale \u00e0 la mer et d\u2019appr\u00e9hender toute la richesse culturelle d\u2019un territoire fa\u00e7onn\u00e9 par les activit\u00e9s maritimes.<\/p>\t\t\t\t\t\t\t\t<\/div>\n\t\t\t\t<\/div>\n\t\t\t\t<\/div>\n\t\t\t\t\t<\/div>\n\t\t\t\t<\/div>\n\t\t<div class=\"elementor-element elementor-element-63397a5 e-flex e-con-boxed e-con e-parent\" data-id=\"63397a5\" data-element_type=\"container\" data-e-type=\"container\" data-settings=\"{&quot;background_background&quot;:&quot;classic&quot;}\">\n\t\t\t\t\t<div class=\"e-con-inner\">\n\t\t<div class=\"elementor-element elementor-element-af04466 animated-slow e-con-full e-flex elementor-invisible e-con e-child\" data-id=\"af04466\" data-element_type=\"container\" data-e-type=\"container\" data-settings=\"{&quot;animation&quot;:&quot;fadeInLeft&quot;,&quot;animation_delay&quot;:500}\">\n\t\t\t\t<div class=\"elementor-element elementor-element-9f2654a elementor-widget elementor-widget-heading\" data-id=\"9f2654a\" data-element_type=\"widget\" data-e-type=\"widget\" data-widget_type=\"heading.default\">\n\t\t\t\t<div class=\"elementor-widget-container\">\n\t\t\t\t\t<h2 class=\"elementor-heading-title elementor-size-default\">L\u2019exp\u00e9rience unique des bisquines<\/h2>\t\t\t\t<\/div>\n\t\t\t\t<\/div>\n\t\t\t\t<div class=\"elementor-element elementor-element-0298ca6 elementor-widget elementor-widget-text-editor\" data-id=\"0298ca6\" data-element_type=\"widget\" data-e-type=\"widget\" data-widget_type=\"text-editor.default\">\n\t\t\t\t<div class=\"elementor-widget-container\">\n\t\t\t\t\t\t\t\t\t<p>Pour prolonger la d\u00e9couverte, les sorties \u00e0 bord de la bisquine La Cancalaise offrent une immersion vivante dans le patrimoine naval local. R\u00e9plique d\u2019un vieux gr\u00e9ement typique de la baie du Mont-Saint-Michel, elle permet d\u2019aborder Cancale depuis la mer et de retrouver l\u2019esprit des grandes traditions maritimes. Entre transmission, navigation et \u00e9motion du large, l\u2019exp\u00e9rience compl\u00e8te parfaitement la visite du mus\u00e9e.<\/p>\t\t\t\t\t\t\t\t<\/div>\n\t\t\t\t<\/div>\n\t\t\t\t<\/div>\n\t\t<div class=\"elementor-element elementor-element-bcc2404 e-con-full e-flex e-con e-child\" data-id=\"bcc2404\" data-element_type=\"container\" data-e-type=\"container\" data-settings=\"{&quot;background_background&quot;:&quot;classic&quot;}\">\n\t\t\t\t<div class=\"elementor-element elementor-element-f2b5c49 elementor-widget__width-initial elementor-widget elementor-widget-image\" data-id=\"f2b5c49\" data-element_type=\"widget\" data-e-type=\"widget\" data-widget_type=\"image.default\">\n\t\t\t\t<div class=\"elementor-widget-container\">\n\t\t\t\t\t\t\t\t\t\t\t\t\t\t\t<img decoding=\"async\" width=\"2001\" height=\"1499\" src=\"https:\/\/www.hotelpointedugrouin.com\/wp-content\/uploads\/2026\/05\/bisquine-2.jpg\" class=\"attachment-full size-full wp-image-4231\" alt=\"\" srcset=\"https:\/\/www.hotelpointedugrouin.com\/wp-content\/uploads\/2026\/05\/bisquine-2.jpg 2001w, https:\/\/www.hotelpointedugrouin.com\/wp-content\/uploads\/2026\/05\/bisquine-2-300x225.jpg 300w, https:\/\/www.hotelpointedugrouin.com\/wp-content\/uploads\/2026\/05\/bisquine-2-1024x767.jpg 1024w, https:\/\/www.hotelpointedugrouin.com\/wp-content\/uploads\/2026\/05\/bisquine-2-768x575.jpg 768w, https:\/\/www.hotelpointedugrouin.com\/wp-content\/uploads\/2026\/05\/bisquine-2-1536x1151.jpg 1536w, https:\/\/www.hotelpointedugrouin.com\/wp-content\/uploads\/2026\/05\/bisquine-2-16x12.jpg 16w\" sizes=\"(max-width: 2001px) 100vw, 2001px\" title=\"\">\t\t\t\t\t\t\t\t\t\t\t\t\t\t\t<\/div>\n\t\t\t\t<\/div>\n\t\t<div class=\"elementor-element elementor-element-938a2db elementor-hidden-mobile e-con-full e-flex e-con e-child\" data-id=\"938a2db\" data-element_type=\"container\" data-e-type=\"container\">\n\t\t\t\t<div class=\"elementor-element elementor-element-beaee5b elementor-widget elementor-widget-image\" data-id=\"beaee5b\" data-element_type=\"widget\" data-e-type=\"widget\" data-widget_type=\"image.default\">\n\t\t\t\t<div class=\"elementor-widget-container\">\n\t\t\t\t\t\t\t\t\t\t\t\t\t\t\t<img decoding=\"async\" width=\"2119\" height=\"1415\" src=\"https:\/\/www.hotelpointedugrouin.com\/wp-content\/uploads\/2026\/05\/bisquine-1.jpg\" class=\"attachment-full size-full wp-image-4229\" alt=\"\" srcset=\"https:\/\/www.hotelpointedugrouin.com\/wp-content\/uploads\/2026\/05\/bisquine-1.jpg 2119w, https:\/\/www.hotelpointedugrouin.com\/wp-content\/uploads\/2026\/05\/bisquine-1-300x200.jpg 300w, https:\/\/www.hotelpointedugrouin.com\/wp-content\/uploads\/2026\/05\/bisquine-1-1024x684.jpg 1024w, https:\/\/www.hotelpointedugrouin.com\/wp-content\/uploads\/2026\/05\/bisquine-1-768x513.jpg 768w, https:\/\/www.hotelpointedugrouin.com\/wp-content\/uploads\/2026\/05\/bisquine-1-1536x1026.jpg 1536w, https:\/\/www.hotelpointedugrouin.com\/wp-content\/uploads\/2026\/05\/bisquine-1-2048x1368.jpg 2048w, https:\/\/www.hotelpointedugrouin.com\/wp-content\/uploads\/2026\/05\/bisquine-1-18x12.jpg 18w\" sizes=\"(max-width: 2119px) 100vw, 2119px\" title=\"\">\t\t\t\t\t\t\t\t\t\t\t\t\t\t\t<\/div>\n\t\t\t\t<\/div>\n\t\t\t\t<div class=\"elementor-element elementor-element-293cde0 elementor-widget elementor-widget-image\" data-id=\"293cde0\" data-element_type=\"widget\" data-e-type=\"widget\" data-widget_type=\"image.default\">\n\t\t\t\t<div class=\"elementor-widget-container\">\n\t\t\t\t\t\t\t\t\t\t\t\t\t\t\t<img loading=\"lazy\" decoding=\"async\" width=\"2304\" height=\"1728\" src=\"https:\/\/www.hotelpointedugrouin.com\/wp-content\/uploads\/2026\/05\/bisquine.jpg\" class=\"attachment-full size-full wp-image-4228\" alt=\"\" srcset=\"https:\/\/www.hotelpointedugrouin.com\/wp-content\/uploads\/2026\/05\/bisquine.jpg 2304w, https:\/\/www.hotelpointedugrouin.com\/wp-content\/uploads\/2026\/05\/bisquine-300x225.jpg 300w, https:\/\/www.hotelpointedugrouin.com\/wp-content\/uploads\/2026\/05\/bisquine-1024x768.jpg 1024w, https:\/\/www.hotelpointedugrouin.com\/wp-content\/uploads\/2026\/05\/bisquine-768x576.jpg 768w, https:\/\/www.hotelpointedugrouin.com\/wp-content\/uploads\/2026\/05\/bisquine-1536x1152.jpg 1536w, https:\/\/www.hotelpointedugrouin.com\/wp-content\/uploads\/2026\/05\/bisquine-2048x1536.jpg 2048w, https:\/\/www.hotelpointedugrouin.com\/wp-content\/uploads\/2026\/05\/bisquine-16x12.jpg 16w\" sizes=\"(max-width: 2304px) 100vw, 2304px\" title=\"\">\t\t\t\t\t\t\t\t\t\t\t\t\t\t\t<\/div>\n\t\t\t\t<\/div>\n\t\t\t\t<\/div>\n\t\t\t\t<\/div>\n\t\t\t\t\t<\/div>\n\t\t\t\t<\/div>\n\t\t<div class=\"elementor-element elementor-element-f2f51e9 e-flex e-con-boxed e-con e-parent\" data-id=\"f2f51e9\" data-element_type=\"container\" data-e-type=\"container\">\n\t\t\t\t\t<div class=\"e-con-inner\">\n\t\t\t\t<div class=\"elementor-element elementor-element-7f80abd elementor-widget__width-auto destination-btn-nav elementor-widget elementor-widget-button\" data-id=\"7f80abd\" data-element_type=\"widget\" data-e-type=\"widget\" data-widget_type=\"button.default\">\n\t\t\t\t<div class=\"elementor-widget-container\">\n\t\t\t\t\t\t\t\t\t<div class=\"elementor-button-wrapper\">\n\t\t\t\t\t<a class=\"elementor-button elementor-button-link elementor-size-xs\" href=\"https:\/\/www.hotelpointedugrouin.com\/en\/destination-cancale\/eglise-de-cancale\/\">\n\t\t\t\t\t\t<span class=\"elementor-button-content-wrapper\">\n\t\t\t\t\t\t<span class=\"elementor-button-icon\">\n\t\t\t\t<i aria-hidden=\"true\" class=\"eliofont eliofont-arrow-left\"><\/i>\t\t\t<\/span>\n\t\t\t\t\t\t\t\t\t<span class=\"elementor-button-text\">Eglise de Cancale<\/span>\n\t\t\t\t\t<\/span>\n\t\t\t\t\t<\/a>\n\t\t\t\t<\/div>\n\t\t\t\t\t\t\t\t<\/div>\n\t\t\t\t<\/div>\n\t\t\t\t<div class=\"elementor-element elementor-element-95d2f56 elementor-widget__width-auto destination-btn-nav elementor-widget elementor-widget-button\" data-id=\"95d2f56\" data-element_type=\"widget\" data-e-type=\"widget\" data-widget_type=\"button.default\">\n\t\t\t\t<div class=\"elementor-widget-container\">\n\t\t\t\t\t\t\t\t\t<div class=\"elementor-button-wrapper\">\n\t\t\t\t\t<a class=\"elementor-button elementor-button-link elementor-size-xs\" href=\"https:\/\/www.hotelpointedugrouin.com\/en\/destination-cancale\/marche-de-cancale\/\">\n\t\t\t\t\t\t<span class=\"elementor-button-content-wrapper\">\n\t\t\t\t\t\t<span class=\"elementor-button-icon\">\n\t\t\t\t<i aria-hidden=\"true\" class=\"eliofont eliofont-arrow-right\"><\/i>\t\t\t<\/span>\n\t\t\t\t\t\t\t\t\t<span class=\"elementor-button-text\">March\u00e9 de Cancale<\/span>\n\t\t\t\t\t<\/span>\n\t\t\t\t\t<\/a>\n\t\t\t\t<\/div>\n\t\t\t\t\t\t\t\t<\/div>\n\t\t\t\t<\/div>\n\t\t\t\t\t<\/div>\n\t\t\t\t<\/div>\n\t\t\t\t<\/div>","protected":false},"excerpt":{"rendered":"<p>Votre mus\u00e9e \u00e0 Cancale Plonger dans l\u2019histoire maritime de Cancale Le mus\u00e9e de Cancale met en lumi\u00e8re l\u2019identit\u00e9 maritime de la ville \u00e0 travers ses collections, ses r\u00e9cits et la m\u00e9moire de ses habitants. Port, p\u00eache, traditions locales et patrimoine de la baie y trouvent naturellement leur place. Cette visite permet de mieux comprendre le [&hellip;]<\/p>\n","protected":false},"author":2,"featured_media":0,"parent":203,"menu_order":0,"comment_status":"closed","ping_status":"closed","template":"","meta":{"_acf_changed":false,"inline_featured_image":false,"footnotes":""},"class_list":["post-3652","page","type-page","status-publish","hentry"],"acf":[],"_links":{"self":[{"href":"https:\/\/www.hotelpointedugrouin.com\/en\/wp-json\/wp\/v2\/pages\/3652","targetHints":{"allow":["GET"]}}],"collection":[{"href":"https:\/\/www.hotelpointedugrouin.com\/en\/wp-json\/wp\/v2\/pages"}],"about":[{"href":"https:\/\/www.hotelpointedugrouin.com\/en\/wp-json\/wp\/v2\/types\/page"}],"author":[{"embeddable":true,"href":"https:\/\/www.hotelpointedugrouin.com\/en\/wp-json\/wp\/v2\/users\/2"}],"replies":[{"embeddable":true,"href":"https:\/\/www.hotelpointedugrouin.com\/en\/wp-json\/wp\/v2\/comments?post=3652"}],"version-history":[{"count":14,"href":"https:\/\/www.hotelpointedugrouin.com\/en\/wp-json\/wp\/v2\/pages\/3652\/revisions"}],"predecessor-version":[{"id":4274,"href":"https:\/\/www.hotelpointedugrouin.com\/en\/wp-json\/wp\/v2\/pages\/3652\/revisions\/4274"}],"up":[{"embeddable":true,"href":"https:\/\/www.hotelpointedugrouin.com\/en\/wp-json\/wp\/v2\/pages\/203"}],"wp:attachment":[{"href":"https:\/\/www.hotelpointedugrouin.com\/en\/wp-json\/wp\/v2\/media?parent=3652"}],"curies":[{"name":"wp","href":"https:\/\/api.w.org\/{rel}","templated":true}]}}