{"id":3650,"date":"2026-04-22T16:18:41","date_gmt":"2026-04-22T14:18:41","guid":{"rendered":"https:\/\/www.hotelpointedugrouin.com\/?page_id=3650"},"modified":"2026-05-06T14:41:46","modified_gmt":"2026-05-06T12:41:46","slug":"eglise-de-cancale","status":"publish","type":"page","link":"https:\/\/www.hotelpointedugrouin.com\/en\/destination-cancale\/eglise-de-cancale\/","title":{"rendered":"Eglise de Cancale"},"content":{"rendered":"<div data-elementor-type=\"wp-page\" data-elementor-id=\"3650\" class=\"elementor elementor-3650\" data-elementor-post-type=\"page\">\n\t\t\t\t<div class=\"elementor-element elementor-element-7d40454 e-con-full e-flex e-con e-parent\" data-id=\"7d40454\" data-element_type=\"container\" data-e-type=\"container\" id=\"hero-section\" data-settings=\"{&quot;background_background&quot;:&quot;classic&quot;}\">\n\t\t\t\t<div class=\"elementor-element elementor-element-6235229 elementor-widget elementor-widget-heading\" data-id=\"6235229\" data-element_type=\"widget\" data-e-type=\"widget\" data-widget_type=\"heading.default\">\n\t\t\t\t<div class=\"elementor-widget-container\">\n\t\t\t\t\t<span class=\"elementor-heading-title elementor-size-default\">\u00c9glise Saint-M\u00e9en<\/span>\t\t\t\t<\/div>\n\t\t\t\t<\/div>\n\t\t\t\t<div class=\"elementor-element elementor-element-28da46e elementor-widget__width-auto elementor-absolute e-transform elementor-view-default elementor-widget elementor-widget-icon\" data-id=\"28da46e\" data-element_type=\"widget\" data-e-type=\"widget\" data-settings=\"{&quot;_position&quot;:&quot;absolute&quot;,&quot;_transform_rotateZ_effect&quot;:{&quot;unit&quot;:&quot;px&quot;,&quot;size&quot;:90,&quot;sizes&quot;:[]},&quot;_transform_rotateZ_effect_tablet&quot;:{&quot;unit&quot;:&quot;deg&quot;,&quot;size&quot;:&quot;&quot;,&quot;sizes&quot;:[]},&quot;_transform_rotateZ_effect_mobile&quot;:{&quot;unit&quot;:&quot;deg&quot;,&quot;size&quot;:&quot;&quot;,&quot;sizes&quot;:[]}}\" data-widget_type=\"icon.default\">\n\t\t\t\t<div class=\"elementor-widget-container\">\n\t\t\t\t\t\t\t<div class=\"elementor-icon-wrapper\">\n\t\t\t<a class=\"elementor-icon\" href=\"#first-content\">\n\t\t\t<i aria-hidden=\"true\" class=\"eliofont eliofont-arrow-right\"><\/i>\t\t\t<\/a>\n\t\t<\/div>\n\t\t\t\t\t\t<\/div>\n\t\t\t\t<\/div>\n\t\t\t\t<\/div>\n\t\t<div class=\"elementor-element elementor-element-18b5a01 e-flex e-con-boxed e-con e-parent\" data-id=\"18b5a01\" data-element_type=\"container\" data-e-type=\"container\" data-settings=\"{&quot;background_background&quot;:&quot;classic&quot;}\">\n\t\t\t\t\t<div class=\"e-con-inner\">\n\t\t\t\t<div class=\"elementor-element elementor-element-fa37bf3 elementor-widget__width-initial split-img elementor-widget elementor-widget-image\" data-id=\"fa37bf3\" data-element_type=\"widget\" data-e-type=\"widget\" data-widget_type=\"image.default\">\n\t\t\t\t<div class=\"elementor-widget-container\">\n\t\t\t\t\t\t\t\t\t\t\t\t\t\t\t<img fetchpriority=\"high\" decoding=\"async\" width=\"300\" height=\"200\" src=\"https:\/\/www.hotelpointedugrouin.com\/wp-content\/uploads\/2022\/10\/transparent.png\" class=\"attachment-full size-full wp-image-338\" alt=\"\" srcset=\"https:\/\/www.hotelpointedugrouin.com\/wp-content\/uploads\/2022\/10\/transparent.png 300w, https:\/\/www.hotelpointedugrouin.com\/wp-content\/uploads\/2022\/10\/transparent-18x12.png 18w\" sizes=\"(max-width: 300px) 100vw, 300px\" title=\"\">\t\t\t\t\t\t\t\t\t\t\t\t\t\t\t<\/div>\n\t\t\t\t<\/div>\n\t\t<div class=\"elementor-element elementor-element-030d71c animated-slow e-con-full e-flex elementor-invisible e-con e-child\" data-id=\"030d71c\" data-element_type=\"container\" data-e-type=\"container\" data-settings=\"{&quot;animation&quot;:&quot;fadeInRight&quot;,&quot;animation_delay&quot;:500}\">\n\t\t\t\t<div class=\"elementor-element elementor-element-806004f elementor-widget elementor-widget-heading\" data-id=\"806004f\" data-element_type=\"widget\" data-e-type=\"widget\" data-widget_type=\"heading.default\">\n\t\t\t\t<div class=\"elementor-widget-container\">\n\t\t\t\t\t<h2 class=\"elementor-heading-title elementor-size-default\">Un rep\u00e8re patrimonial au c\u0153ur de la ville<\/h2>\t\t\t\t<\/div>\n\t\t\t\t<\/div>\n\t\t\t\t<div class=\"elementor-element elementor-element-fca4b4f elementor-widget elementor-widget-text-editor\" data-id=\"fca4b4f\" data-element_type=\"widget\" data-e-type=\"widget\" data-widget_type=\"text-editor.default\">\n\t\t\t\t<div class=\"elementor-widget-container\">\n\t\t\t\t\t\t\t\t\t<p>L\u2019\u00e9glise Saint-M\u00e9en fait partie des lieux embl\u00e9matiques du patrimoine cancalais. \u00c9difi\u00e9e \u00e0 la fin du XIXe si\u00e8cle, elle t\u00e9moigne de l\u2019histoire religieuse et architecturale de la commune. Sa pr\u00e9sence au c\u0153ur de la ville en fait une halte naturelle lors d\u2019une promenade dans Cancale, pour d\u00e9couvrir une autre facette de la destination, plus intime, plus calme et ancr\u00e9e dans le temps long.<\/p>\t\t\t\t\t\t\t\t<\/div>\n\t\t\t\t<\/div>\n\t\t\t\t<\/div>\n\t\t\t\t\t<\/div>\n\t\t\t\t<\/div>\n\t\t<div class=\"elementor-element elementor-element-63397a5 e-flex e-con-boxed e-con e-parent\" data-id=\"63397a5\" data-element_type=\"container\" data-e-type=\"container\" data-settings=\"{&quot;background_background&quot;:&quot;classic&quot;}\">\n\t\t\t\t\t<div class=\"e-con-inner\">\n\t\t<div class=\"elementor-element elementor-element-af04466 animated-slow e-con-full e-flex elementor-invisible e-con e-child\" data-id=\"af04466\" data-element_type=\"container\" data-e-type=\"container\" data-settings=\"{&quot;animation&quot;:&quot;fadeInLeft&quot;,&quot;animation_delay&quot;:500}\">\n\t\t\t\t<div class=\"elementor-element elementor-element-9f2654a elementor-widget elementor-widget-heading\" data-id=\"9f2654a\" data-element_type=\"widget\" data-e-type=\"widget\" data-widget_type=\"heading.default\">\n\t\t\t\t<div class=\"elementor-widget-container\">\n\t\t\t\t\t<h2 class=\"elementor-heading-title elementor-size-default\">Une visite entre recueillement et d\u00e9couverte<\/h2>\t\t\t\t<\/div>\n\t\t\t\t<\/div>\n\t\t\t\t<div class=\"elementor-element elementor-element-0298ca6 elementor-widget elementor-widget-text-editor\" data-id=\"0298ca6\" data-element_type=\"widget\" data-e-type=\"widget\" data-widget_type=\"text-editor.default\">\n\t\t\t\t<div class=\"elementor-widget-container\">\n\t\t\t\t\t\t\t\t\t<p>Au-del\u00e0 de sa dimension spirituelle, l\u2019\u00e9glise de Cancale invite \u00e0 porter un regard attentif sur le patrimoine local. Elle s\u2019int\u00e8gre pleinement dans une d\u00e9couverte plus globale de la ville, entre ruelles, port, traditions maritimes et paysages ouverts sur la baie. Pour les visiteurs curieux d\u2019histoire comme pour les amateurs de lieux paisibles, cette \u00e9tape apporte une respiration culturelle au s\u00e9jour.<\/p>\t\t\t\t\t\t\t\t<\/div>\n\t\t\t\t<\/div>\n\t\t\t\t<\/div>\n\t\t<div class=\"elementor-element elementor-element-bcc2404 e-con-full e-flex e-con e-child\" data-id=\"bcc2404\" data-element_type=\"container\" data-e-type=\"container\" data-settings=\"{&quot;background_background&quot;:&quot;classic&quot;}\">\n\t\t\t\t<div class=\"elementor-element elementor-element-f2b5c49 elementor-widget__width-initial elementor-widget elementor-widget-image\" data-id=\"f2b5c49\" data-element_type=\"widget\" data-e-type=\"widget\" data-widget_type=\"image.default\">\n\t\t\t\t<div class=\"elementor-widget-container\">\n\t\t\t\t\t\t\t\t\t\t\t\t\t\t\t<img decoding=\"async\" width=\"1415\" height=\"2119\" src=\"https:\/\/www.hotelpointedugrouin.com\/wp-content\/uploads\/2026\/05\/eglise-cancale-3.jpg\" class=\"attachment-full size-full wp-image-4172\" alt=\"\" srcset=\"https:\/\/www.hotelpointedugrouin.com\/wp-content\/uploads\/2026\/05\/eglise-cancale-3.jpg 1415w, https:\/\/www.hotelpointedugrouin.com\/wp-content\/uploads\/2026\/05\/eglise-cancale-3-200x300.jpg 200w, https:\/\/www.hotelpointedugrouin.com\/wp-content\/uploads\/2026\/05\/eglise-cancale-3-684x1024.jpg 684w, https:\/\/www.hotelpointedugrouin.com\/wp-content\/uploads\/2026\/05\/eglise-cancale-3-768x1150.jpg 768w, https:\/\/www.hotelpointedugrouin.com\/wp-content\/uploads\/2026\/05\/eglise-cancale-3-1026x1536.jpg 1026w, https:\/\/www.hotelpointedugrouin.com\/wp-content\/uploads\/2026\/05\/eglise-cancale-3-1368x2048.jpg 1368w, https:\/\/www.hotelpointedugrouin.com\/wp-content\/uploads\/2026\/05\/eglise-cancale-3-8x12.jpg 8w\" sizes=\"(max-width: 1415px) 100vw, 1415px\" title=\"\">\t\t\t\t\t\t\t\t\t\t\t\t\t\t\t<\/div>\n\t\t\t\t<\/div>\n\t\t<div class=\"elementor-element elementor-element-938a2db elementor-hidden-mobile e-con-full e-flex e-con e-child\" data-id=\"938a2db\" data-element_type=\"container\" data-e-type=\"container\">\n\t\t\t\t<div class=\"elementor-element elementor-element-beaee5b elementor-widget elementor-widget-image\" data-id=\"beaee5b\" data-element_type=\"widget\" data-e-type=\"widget\" data-widget_type=\"image.default\">\n\t\t\t\t<div class=\"elementor-widget-container\">\n\t\t\t\t\t\t\t\t\t\t\t\t\t\t\t<img decoding=\"async\" width=\"1536\" height=\"1951\" src=\"https:\/\/www.hotelpointedugrouin.com\/wp-content\/uploads\/2026\/05\/eglise-cancale-4.jpg\" class=\"attachment-full size-full wp-image-4175\" alt=\"\" srcset=\"https:\/\/www.hotelpointedugrouin.com\/wp-content\/uploads\/2026\/05\/eglise-cancale-4.jpg 1536w, https:\/\/www.hotelpointedugrouin.com\/wp-content\/uploads\/2026\/05\/eglise-cancale-4-236x300.jpg 236w, https:\/\/www.hotelpointedugrouin.com\/wp-content\/uploads\/2026\/05\/eglise-cancale-4-806x1024.jpg 806w, https:\/\/www.hotelpointedugrouin.com\/wp-content\/uploads\/2026\/05\/eglise-cancale-4-768x976.jpg 768w, https:\/\/www.hotelpointedugrouin.com\/wp-content\/uploads\/2026\/05\/eglise-cancale-4-1209x1536.jpg 1209w, https:\/\/www.hotelpointedugrouin.com\/wp-content\/uploads\/2026\/05\/eglise-cancale-4-9x12.jpg 9w\" sizes=\"(max-width: 1536px) 100vw, 1536px\" title=\"\">\t\t\t\t\t\t\t\t\t\t\t\t\t\t\t<\/div>\n\t\t\t\t<\/div>\n\t\t\t\t<div class=\"elementor-element elementor-element-293cde0 elementor-widget elementor-widget-image\" data-id=\"293cde0\" data-element_type=\"widget\" data-e-type=\"widget\" data-widget_type=\"image.default\">\n\t\t\t\t<div class=\"elementor-widget-container\">\n\t\t\t\t\t\t\t\t\t\t\t\t\t\t\t<img loading=\"lazy\" decoding=\"async\" width=\"2121\" height=\"1414\" src=\"https:\/\/www.hotelpointedugrouin.com\/wp-content\/uploads\/2026\/05\/eglise-cancale-2.jpg\" class=\"attachment-full size-full wp-image-4173\" alt=\"\" srcset=\"https:\/\/www.hotelpointedugrouin.com\/wp-content\/uploads\/2026\/05\/eglise-cancale-2.jpg 2121w, https:\/\/www.hotelpointedugrouin.com\/wp-content\/uploads\/2026\/05\/eglise-cancale-2-300x200.jpg 300w, https:\/\/www.hotelpointedugrouin.com\/wp-content\/uploads\/2026\/05\/eglise-cancale-2-1024x683.jpg 1024w, https:\/\/www.hotelpointedugrouin.com\/wp-content\/uploads\/2026\/05\/eglise-cancale-2-768x512.jpg 768w, https:\/\/www.hotelpointedugrouin.com\/wp-content\/uploads\/2026\/05\/eglise-cancale-2-1536x1024.jpg 1536w, https:\/\/www.hotelpointedugrouin.com\/wp-content\/uploads\/2026\/05\/eglise-cancale-2-2048x1365.jpg 2048w, https:\/\/www.hotelpointedugrouin.com\/wp-content\/uploads\/2026\/05\/eglise-cancale-2-18x12.jpg 18w\" sizes=\"(max-width: 2121px) 100vw, 2121px\" title=\"\">\t\t\t\t\t\t\t\t\t\t\t\t\t\t\t<\/div>\n\t\t\t\t<\/div>\n\t\t\t\t<\/div>\n\t\t\t\t<\/div>\n\t\t\t\t\t<\/div>\n\t\t\t\t<\/div>\n\t\t<div class=\"elementor-element elementor-element-f2f51e9 e-flex e-con-boxed e-con e-parent\" data-id=\"f2f51e9\" data-element_type=\"container\" data-e-type=\"container\">\n\t\t\t\t\t<div class=\"e-con-inner\">\n\t\t\t\t<div class=\"elementor-element elementor-element-7f80abd elementor-widget__width-auto destination-btn-nav elementor-widget elementor-widget-button\" data-id=\"7f80abd\" data-element_type=\"widget\" data-e-type=\"widget\" data-widget_type=\"button.default\">\n\t\t\t\t<div class=\"elementor-widget-container\">\n\t\t\t\t\t\t\t\t\t<div class=\"elementor-button-wrapper\">\n\t\t\t\t\t<a class=\"elementor-button elementor-button-link elementor-size-xs\" href=\"https:\/\/www.hotelpointedugrouin.com\/en\/destination-cancale\/ecole-de-voile-sortie-kayak-port-mer\/\">\n\t\t\t\t\t\t<span class=\"elementor-button-content-wrapper\">\n\t\t\t\t\t\t<span class=\"elementor-button-icon\">\n\t\t\t\t<i aria-hidden=\"true\" class=\"eliofont eliofont-arrow-left\"><\/i>\t\t\t<\/span>\n\t\t\t\t\t\t\t\t\t<span class=\"elementor-button-text\">Sorties kayak \u00e0 port mer<\/span>\n\t\t\t\t\t<\/span>\n\t\t\t\t\t<\/a>\n\t\t\t\t<\/div>\n\t\t\t\t\t\t\t\t<\/div>\n\t\t\t\t<\/div>\n\t\t\t\t<div class=\"elementor-element elementor-element-95d2f56 elementor-widget__width-auto destination-btn-nav elementor-widget elementor-widget-button\" data-id=\"95d2f56\" data-element_type=\"widget\" data-e-type=\"widget\" data-widget_type=\"button.default\">\n\t\t\t\t<div class=\"elementor-widget-container\">\n\t\t\t\t\t\t\t\t\t<div class=\"elementor-button-wrapper\">\n\t\t\t\t\t<a class=\"elementor-button elementor-button-link elementor-size-xs\" href=\"https:\/\/www.hotelpointedugrouin.com\/en\/destination-cancale\/musee-de-la-marine-visite-bisquine\/\">\n\t\t\t\t\t\t<span class=\"elementor-button-content-wrapper\">\n\t\t\t\t\t\t<span class=\"elementor-button-icon\">\n\t\t\t\t<i aria-hidden=\"true\" class=\"eliofont eliofont-arrow-right\"><\/i>\t\t\t<\/span>\n\t\t\t\t\t\t\t\t\t<span class=\"elementor-button-text\">Mus\u00e9e de la marine<\/span>\n\t\t\t\t\t<\/span>\n\t\t\t\t\t<\/a>\n\t\t\t\t<\/div>\n\t\t\t\t\t\t\t\t<\/div>\n\t\t\t\t<\/div>\n\t\t\t\t\t<\/div>\n\t\t\t\t<\/div>\n\t\t\t\t<\/div>","protected":false},"excerpt":{"rendered":"<p>\u00c9glise Saint-M\u00e9en Un rep\u00e8re patrimonial au c\u0153ur de la ville L\u2019\u00e9glise Saint-M\u00e9en fait partie des lieux embl\u00e9matiques du patrimoine cancalais. \u00c9difi\u00e9e \u00e0 la fin du XIXe si\u00e8cle, elle t\u00e9moigne de l\u2019histoire religieuse et architecturale de la commune. Sa pr\u00e9sence au c\u0153ur de la ville en fait une halte naturelle lors d\u2019une promenade dans Cancale, pour [&hellip;]<\/p>\n","protected":false},"author":2,"featured_media":0,"parent":203,"menu_order":0,"comment_status":"closed","ping_status":"closed","template":"","meta":{"_acf_changed":false,"inline_featured_image":false,"footnotes":""},"class_list":["post-3650","page","type-page","status-publish","hentry"],"acf":[],"_links":{"self":[{"href":"https:\/\/www.hotelpointedugrouin.com\/en\/wp-json\/wp\/v2\/pages\/3650","targetHints":{"allow":["GET"]}}],"collection":[{"href":"https:\/\/www.hotelpointedugrouin.com\/en\/wp-json\/wp\/v2\/pages"}],"about":[{"href":"https:\/\/www.hotelpointedugrouin.com\/en\/wp-json\/wp\/v2\/types\/page"}],"author":[{"embeddable":true,"href":"https:\/\/www.hotelpointedugrouin.com\/en\/wp-json\/wp\/v2\/users\/2"}],"replies":[{"embeddable":true,"href":"https:\/\/www.hotelpointedugrouin.com\/en\/wp-json\/wp\/v2\/comments?post=3650"}],"version-history":[{"count":13,"href":"https:\/\/www.hotelpointedugrouin.com\/en\/wp-json\/wp\/v2\/pages\/3650\/revisions"}],"predecessor-version":[{"id":4268,"href":"https:\/\/www.hotelpointedugrouin.com\/en\/wp-json\/wp\/v2\/pages\/3650\/revisions\/4268"}],"up":[{"embeddable":true,"href":"https:\/\/www.hotelpointedugrouin.com\/en\/wp-json\/wp\/v2\/pages\/203"}],"wp:attachment":[{"href":"https:\/\/www.hotelpointedugrouin.com\/en\/wp-json\/wp\/v2\/media?parent=3650"}],"curies":[{"name":"wp","href":"https:\/\/api.w.org\/{rel}","templated":true}]}}