{"id":1569,"date":"2022-10-31T12:08:44","date_gmt":"2022-10-31T11:08:44","guid":{"rendered":"https:\/\/www.hotelpointedugrouin.com\/?page_id=1569"},"modified":"2026-05-06T14:40:47","modified_gmt":"2026-05-06T12:40:47","slug":"gr34","status":"publish","type":"page","link":"https:\/\/www.hotelpointedugrouin.com\/en\/destination-cancale\/gr34\/","title":{"rendered":"GR 34"},"content":{"rendered":"<div data-elementor-type=\"wp-page\" data-elementor-id=\"1569\" class=\"elementor elementor-1569\" data-elementor-post-type=\"page\">\n\t\t\t\t<div class=\"elementor-element elementor-element-8831028 e-con-full e-flex e-con e-parent\" data-id=\"8831028\" data-element_type=\"container\" data-e-type=\"container\" id=\"hero-section\" data-settings=\"{&quot;background_background&quot;:&quot;classic&quot;}\">\n\t\t\t\t<div class=\"elementor-element elementor-element-248dda6 elementor-widget elementor-widget-heading\" data-id=\"248dda6\" data-element_type=\"widget\" data-e-type=\"widget\" data-widget_type=\"heading.default\">\n\t\t\t\t<div class=\"elementor-widget-container\">\n\t\t\t\t\t<h1 class=\"elementor-heading-title elementor-size-default\">Randonn\u00e9e depuis la Pointe du Grouin<\/h1>\t\t\t\t<\/div>\n\t\t\t\t<\/div>\n\t\t\t\t<div class=\"elementor-element elementor-element-5788f33 elementor-widget__width-auto elementor-absolute e-transform elementor-view-default elementor-widget elementor-widget-icon\" data-id=\"5788f33\" data-element_type=\"widget\" data-e-type=\"widget\" data-settings=\"{&quot;_position&quot;:&quot;absolute&quot;,&quot;_transform_rotateZ_effect&quot;:{&quot;unit&quot;:&quot;px&quot;,&quot;size&quot;:90,&quot;sizes&quot;:[]},&quot;_transform_rotateZ_effect_tablet&quot;:{&quot;unit&quot;:&quot;deg&quot;,&quot;size&quot;:&quot;&quot;,&quot;sizes&quot;:[]},&quot;_transform_rotateZ_effect_mobile&quot;:{&quot;unit&quot;:&quot;deg&quot;,&quot;size&quot;:&quot;&quot;,&quot;sizes&quot;:[]}}\" data-widget_type=\"icon.default\">\n\t\t\t\t<div class=\"elementor-widget-container\">\n\t\t\t\t\t\t\t<div class=\"elementor-icon-wrapper\">\n\t\t\t<a class=\"elementor-icon\" href=\"#first-content\">\n\t\t\t<i aria-hidden=\"true\" class=\"eliofont eliofont-arrow-right\"><\/i>\t\t\t<\/a>\n\t\t<\/div>\n\t\t\t\t\t\t<\/div>\n\t\t\t\t<\/div>\n\t\t\t\t<\/div>\n\t\t<div class=\"elementor-element elementor-element-6fa904f e-flex e-con-boxed e-con e-parent\" data-id=\"6fa904f\" data-element_type=\"container\" data-e-type=\"container\" data-settings=\"{&quot;background_background&quot;:&quot;classic&quot;}\">\n\t\t\t\t\t<div class=\"e-con-inner\">\n\t\t\t\t<div class=\"elementor-element elementor-element-4c0875a elementor-widget__width-initial split-img elementor-widget elementor-widget-image\" data-id=\"4c0875a\" data-element_type=\"widget\" data-e-type=\"widget\" data-widget_type=\"image.default\">\n\t\t\t\t<div class=\"elementor-widget-container\">\n\t\t\t\t\t\t\t\t\t\t\t\t\t\t\t<img fetchpriority=\"high\" decoding=\"async\" width=\"300\" height=\"200\" src=\"https:\/\/www.hotelpointedugrouin.com\/wp-content\/uploads\/2022\/10\/transparent.png\" class=\"attachment-full size-full wp-image-338\" alt=\"\" srcset=\"https:\/\/www.hotelpointedugrouin.com\/wp-content\/uploads\/2022\/10\/transparent.png 300w, https:\/\/www.hotelpointedugrouin.com\/wp-content\/uploads\/2022\/10\/transparent-18x12.png 18w\" sizes=\"(max-width: 300px) 100vw, 300px\" title=\"\">\t\t\t\t\t\t\t\t\t\t\t\t\t\t\t<\/div>\n\t\t\t\t<\/div>\n\t\t<div class=\"elementor-element elementor-element-4277fac animated-slow e-con-full e-flex elementor-invisible e-con e-child\" data-id=\"4277fac\" data-element_type=\"container\" data-e-type=\"container\" data-settings=\"{&quot;animation&quot;:&quot;fadeInRight&quot;,&quot;animation_delay&quot;:500}\">\n\t\t\t\t<div class=\"elementor-element elementor-element-f0adfbf elementor-widget elementor-widget-heading\" data-id=\"f0adfbf\" data-element_type=\"widget\" data-e-type=\"widget\" data-widget_type=\"heading.default\">\n\t\t\t\t<div class=\"elementor-widget-container\">\n\t\t\t\t\t<h2 class=\"elementor-heading-title elementor-size-default\">Le sentier embl\u00e9matique du littoral breton<\/h2>\t\t\t\t<\/div>\n\t\t\t\t<\/div>\n\t\t\t\t<div class=\"elementor-element elementor-element-2fdfd53 elementor-widget elementor-widget-text-editor\" data-id=\"2fdfd53\" data-element_type=\"widget\" data-e-type=\"widget\" data-widget_type=\"text-editor.default\">\n\t\t\t\t<div class=\"elementor-widget-container\">\n\t\t\t\t\t\t\t\t\t<p>Le GR34, aussi appel\u00e9 sentier des douaniers, offre l\u2019une des plus belles exp\u00e9riences de marche en Bretagne. \u00c0 Cancale, il d\u00e9voile une c\u00f4te spectaculaire, entre falaises, landes, criques et vues ouvertes sur la baie du Mont-Saint-Michel. Cette randonn\u00e9e vers la Pointe du Grouin s\u00e9duit par son caract\u00e8re sauvage, sa lumi\u00e8re changeante et la sensation permanente d\u2019avancer au plus pr\u00e8s des \u00e9l\u00e9ments.<\/p>\t\t\t\t\t\t\t\t<\/div>\n\t\t\t\t<\/div>\n\t\t\t\t<\/div>\n\t\t\t\t\t<\/div>\n\t\t\t\t<\/div>\n\t\t<div class=\"elementor-element elementor-element-2bd5bbd e-flex e-con-boxed e-con e-parent\" data-id=\"2bd5bbd\" data-element_type=\"container\" data-e-type=\"container\" data-settings=\"{&quot;background_background&quot;:&quot;classic&quot;}\">\n\t\t\t\t\t<div class=\"e-con-inner\">\n\t\t<div class=\"elementor-element elementor-element-b0d17ee animated-slow e-con-full e-flex elementor-invisible e-con e-child\" data-id=\"b0d17ee\" data-element_type=\"container\" data-e-type=\"container\" data-settings=\"{&quot;animation&quot;:&quot;fadeInLeft&quot;,&quot;animation_delay&quot;:500}\">\n\t\t\t\t<div class=\"elementor-element elementor-element-c28b2ab elementor-widget elementor-widget-heading\" data-id=\"c28b2ab\" data-element_type=\"widget\" data-e-type=\"widget\" data-widget_type=\"heading.default\">\n\t\t\t\t<div class=\"elementor-widget-container\">\n\t\t\t\t\t<h2 class=\"elementor-heading-title elementor-size-default\">Une balade id\u00e9ale entre nature et grand air<\/h2>\t\t\t\t<\/div>\n\t\t\t\t<\/div>\n\t\t\t\t<div class=\"elementor-element elementor-element-24afc4a elementor-widget elementor-widget-text-editor\" data-id=\"24afc4a\" data-element_type=\"widget\" data-e-type=\"widget\" data-widget_type=\"text-editor.default\">\n\t\t\t\t<div class=\"elementor-widget-container\">\n\t\t\t\t\t\t\t\t\t<p>Accessible aux amateurs de promenades comme aux marcheurs r\u00e9guliers, le parcours permet de d\u00e9couvrir la richesse naturelle de la c\u00f4te d\u2019\u00c9meraude dans un cadre exceptionnel. Au fil du chemin, les panoramas se succ\u00e8dent et invitent \u00e0 ralentir pour contempler le paysage. Depuis l\u2019h\u00f4tel, cette immersion sur le GR34 prolonge naturellement l\u2019exp\u00e9rience d\u2019un s\u00e9jour tourn\u00e9 vers la mer, l\u2019\u00e9vasion et la randonn\u00e9e \u00e0 la Pointe du Grouin.<\/p>\t\t\t\t\t\t\t\t<\/div>\n\t\t\t\t<\/div>\n\t\t\t\t<\/div>\n\t\t<div class=\"elementor-element elementor-element-79822f3 e-con-full e-flex e-con e-child\" data-id=\"79822f3\" data-element_type=\"container\" data-e-type=\"container\" data-settings=\"{&quot;background_background&quot;:&quot;classic&quot;}\">\n\t\t\t\t<div class=\"elementor-element elementor-element-8e061da elementor-widget__width-initial elementor-widget elementor-widget-image\" data-id=\"8e061da\" data-element_type=\"widget\" data-e-type=\"widget\" data-widget_type=\"image.default\">\n\t\t\t\t<div class=\"elementor-widget-container\">\n\t\t\t\t\t\t\t\t\t\t\t\t\t\t\t<img decoding=\"async\" width=\"1080\" height=\"1620\" src=\"https:\/\/www.hotelpointedugrouin.com\/wp-content\/uploads\/2026\/05\/Bateau-de-peche.jpg\" class=\"attachment-full size-full wp-image-4077\" alt=\"\" srcset=\"https:\/\/www.hotelpointedugrouin.com\/wp-content\/uploads\/2026\/05\/Bateau-de-peche.jpg 1080w, https:\/\/www.hotelpointedugrouin.com\/wp-content\/uploads\/2026\/05\/Bateau-de-peche-200x300.jpg 200w, https:\/\/www.hotelpointedugrouin.com\/wp-content\/uploads\/2026\/05\/Bateau-de-peche-683x1024.jpg 683w, https:\/\/www.hotelpointedugrouin.com\/wp-content\/uploads\/2026\/05\/Bateau-de-peche-768x1152.jpg 768w, https:\/\/www.hotelpointedugrouin.com\/wp-content\/uploads\/2026\/05\/Bateau-de-peche-1024x1536.jpg 1024w, https:\/\/www.hotelpointedugrouin.com\/wp-content\/uploads\/2026\/05\/Bateau-de-peche-8x12.jpg 8w\" sizes=\"(max-width: 1080px) 100vw, 1080px\" title=\"\">\t\t\t\t\t\t\t\t\t\t\t\t\t\t\t<\/div>\n\t\t\t\t<\/div>\n\t\t<div class=\"elementor-element elementor-element-c514fe6 elementor-hidden-mobile e-con-full e-flex e-con e-child\" data-id=\"c514fe6\" data-element_type=\"container\" data-e-type=\"container\">\n\t\t\t\t<div class=\"elementor-element elementor-element-2a05a8c elementor-widget elementor-widget-image\" data-id=\"2a05a8c\" data-element_type=\"widget\" data-e-type=\"widget\" data-widget_type=\"image.default\">\n\t\t\t\t<div class=\"elementor-widget-container\">\n\t\t\t\t\t\t\t\t\t\t\t\t\t\t\t<img decoding=\"async\" width=\"1620\" height=\"1080\" src=\"https:\/\/www.hotelpointedugrouin.com\/wp-content\/uploads\/2026\/05\/Semaphore.jpg\" class=\"attachment-full size-full wp-image-4084\" alt=\"\" srcset=\"https:\/\/www.hotelpointedugrouin.com\/wp-content\/uploads\/2026\/05\/Semaphore.jpg 1620w, https:\/\/www.hotelpointedugrouin.com\/wp-content\/uploads\/2026\/05\/Semaphore-300x200.jpg 300w, https:\/\/www.hotelpointedugrouin.com\/wp-content\/uploads\/2026\/05\/Semaphore-1024x683.jpg 1024w, https:\/\/www.hotelpointedugrouin.com\/wp-content\/uploads\/2026\/05\/Semaphore-768x512.jpg 768w, https:\/\/www.hotelpointedugrouin.com\/wp-content\/uploads\/2026\/05\/Semaphore-1536x1024.jpg 1536w, https:\/\/www.hotelpointedugrouin.com\/wp-content\/uploads\/2026\/05\/Semaphore-18x12.jpg 18w\" sizes=\"(max-width: 1620px) 100vw, 1620px\" title=\"\">\t\t\t\t\t\t\t\t\t\t\t\t\t\t\t<\/div>\n\t\t\t\t<\/div>\n\t\t\t\t<div class=\"elementor-element elementor-element-8005c4d elementor-widget elementor-widget-image\" data-id=\"8005c4d\" data-element_type=\"widget\" data-e-type=\"widget\" data-widget_type=\"image.default\">\n\t\t\t\t<div class=\"elementor-widget-container\">\n\t\t\t\t\t\t\t\t\t\t\t\t\t\t\t<img loading=\"lazy\" decoding=\"async\" width=\"1620\" height=\"1080\" src=\"https:\/\/www.hotelpointedugrouin.com\/wp-content\/uploads\/2026\/05\/Phare.jpg\" class=\"attachment-full size-full wp-image-4083\" alt=\"\" srcset=\"https:\/\/www.hotelpointedugrouin.com\/wp-content\/uploads\/2026\/05\/Phare.jpg 1620w, https:\/\/www.hotelpointedugrouin.com\/wp-content\/uploads\/2026\/05\/Phare-300x200.jpg 300w, https:\/\/www.hotelpointedugrouin.com\/wp-content\/uploads\/2026\/05\/Phare-1024x683.jpg 1024w, https:\/\/www.hotelpointedugrouin.com\/wp-content\/uploads\/2026\/05\/Phare-768x512.jpg 768w, https:\/\/www.hotelpointedugrouin.com\/wp-content\/uploads\/2026\/05\/Phare-1536x1024.jpg 1536w, https:\/\/www.hotelpointedugrouin.com\/wp-content\/uploads\/2026\/05\/Phare-18x12.jpg 18w\" sizes=\"(max-width: 1620px) 100vw, 1620px\" title=\"\">\t\t\t\t\t\t\t\t\t\t\t\t\t\t\t<\/div>\n\t\t\t\t<\/div>\n\t\t\t\t<\/div>\n\t\t\t\t<\/div>\n\t\t\t\t\t<\/div>\n\t\t\t\t<\/div>\n\t\t<div class=\"elementor-element elementor-element-00608db e-flex e-con-boxed e-con e-parent\" data-id=\"00608db\" data-element_type=\"container\" data-e-type=\"container\">\n\t\t\t\t\t<div class=\"e-con-inner\">\n\t\t\t\t<div class=\"elementor-element elementor-element-4222023 elementor-widget__width-auto destination-btn-nav elementor-widget elementor-widget-button\" data-id=\"4222023\" data-element_type=\"widget\" data-e-type=\"widget\" data-widget_type=\"button.default\">\n\t\t\t\t<div class=\"elementor-widget-container\">\n\t\t\t\t\t\t\t\t\t<div class=\"elementor-button-wrapper\">\n\t\t\t\t\t<a class=\"elementor-button elementor-button-link elementor-size-xs\" href=\"https:\/\/www.hotelpointedugrouin.com\/en\/destination-cancale\/accrobranche-minigolf\/\">\n\t\t\t\t\t\t<span class=\"elementor-button-content-wrapper\">\n\t\t\t\t\t\t<span class=\"elementor-button-icon\">\n\t\t\t\t<i aria-hidden=\"true\" class=\"eliofont eliofont-arrow-left\"><\/i>\t\t\t<\/span>\n\t\t\t\t\t\t\t\t\t<span class=\"elementor-button-text\">Accro branche &amp; mini golf<\/span>\n\t\t\t\t\t<\/span>\n\t\t\t\t\t<\/a>\n\t\t\t\t<\/div>\n\t\t\t\t\t\t\t\t<\/div>\n\t\t\t\t<\/div>\n\t\t\t\t<div class=\"elementor-element elementor-element-ed54455 elementor-widget__width-auto elementor-widget elementor-widget-button\" data-id=\"ed54455\" data-element_type=\"widget\" data-e-type=\"widget\" data-widget_type=\"button.default\">\n\t\t\t\t<div class=\"elementor-widget-container\">\n\t\t\t\t\t\t\t\t\t<div class=\"elementor-button-wrapper\">\n\t\t\t\t\t<a class=\"elementor-button elementor-button-link elementor-size-xs\" href=\"https:\/\/www.hotelpointedugrouin.com\/en\/destination-cancale\/ecole-de-voile-sortie-kayak-port-mer\/\">\n\t\t\t\t\t\t<span class=\"elementor-button-content-wrapper\">\n\t\t\t\t\t\t<span class=\"elementor-button-icon\">\n\t\t\t\t<i aria-hidden=\"true\" class=\"eliofont eliofont-arrow-right\"><\/i>\t\t\t<\/span>\n\t\t\t\t\t\t\t\t\t<span class=\"elementor-button-text\">Ecole de voile \u00e0 Port mer<\/span>\n\t\t\t\t\t<\/span>\n\t\t\t\t\t<\/a>\n\t\t\t\t<\/div>\n\t\t\t\t\t\t\t\t<\/div>\n\t\t\t\t<\/div>\n\t\t\t\t\t<\/div>\n\t\t\t\t<\/div>\n\t\t\t\t<\/div>","protected":false},"excerpt":{"rendered":"<p>Randonn\u00e9e depuis la Pointe du Grouin Le sentier embl\u00e9matique du littoral breton Le GR34, aussi appel\u00e9 sentier des douaniers, offre l\u2019une des plus belles exp\u00e9riences de marche en Bretagne. \u00c0 Cancale, il d\u00e9voile une c\u00f4te spectaculaire, entre falaises, landes, criques et vues ouvertes sur la baie du Mont-Saint-Michel. Cette randonn\u00e9e vers la Pointe du Grouin [&hellip;]<\/p>\n","protected":false},"author":11,"featured_media":0,"parent":203,"menu_order":0,"comment_status":"closed","ping_status":"closed","template":"","meta":{"_acf_changed":false,"inline_featured_image":false,"footnotes":""},"class_list":["post-1569","page","type-page","status-publish","hentry"],"acf":[],"_links":{"self":[{"href":"https:\/\/www.hotelpointedugrouin.com\/en\/wp-json\/wp\/v2\/pages\/1569","targetHints":{"allow":["GET"]}}],"collection":[{"href":"https:\/\/www.hotelpointedugrouin.com\/en\/wp-json\/wp\/v2\/pages"}],"about":[{"href":"https:\/\/www.hotelpointedugrouin.com\/en\/wp-json\/wp\/v2\/types\/page"}],"author":[{"embeddable":true,"href":"https:\/\/www.hotelpointedugrouin.com\/en\/wp-json\/wp\/v2\/users\/11"}],"replies":[{"embeddable":true,"href":"https:\/\/www.hotelpointedugrouin.com\/en\/wp-json\/wp\/v2\/comments?post=1569"}],"version-history":[{"count":77,"href":"https:\/\/www.hotelpointedugrouin.com\/en\/wp-json\/wp\/v2\/pages\/1569\/revisions"}],"predecessor-version":[{"id":4265,"href":"https:\/\/www.hotelpointedugrouin.com\/en\/wp-json\/wp\/v2\/pages\/1569\/revisions\/4265"}],"up":[{"embeddable":true,"href":"https:\/\/www.hotelpointedugrouin.com\/en\/wp-json\/wp\/v2\/pages\/203"}],"wp:attachment":[{"href":"https:\/\/www.hotelpointedugrouin.com\/en\/wp-json\/wp\/v2\/media?parent=1569"}],"curies":[{"name":"wp","href":"https:\/\/api.w.org\/{rel}","templated":true}]}}